{"id":1977,"date":"2026-02-13T12:35:10","date_gmt":"2026-02-13T15:35:10","guid":{"rendered":"https:\/\/kontinuos.com\/?page_id=1977"},"modified":"2026-02-13T18:05:49","modified_gmt":"2026-02-13T21:05:49","slug":"porta-banners","status":"publish","type":"page","link":"https:\/\/kontinuos.com\/index.php\/porta-banners\/","title":{"rendered":"Porta banners"},"content":{"rendered":"\t\t<div data-elementor-type=\"wp-page\" data-elementor-id=\"1977\" class=\"elementor elementor-1977\" data-elementor-post-type=\"page\">\n\t\t\t\t\t\t<section class=\"elementor-section elementor-top-section elementor-element elementor-element-9d63c19 elementor-section-height-min-height elementor-section-boxed elementor-section-height-default elementor-section-items-middle wpr-particle-no wpr-jarallax-no wpr-parallax-no wpr-sticky-section-no\" data-id=\"9d63c19\" data-element_type=\"section\" data-settings=\"{&quot;background_background&quot;:&quot;classic&quot;}\">\n\t\t\t\t\t\t\t<div class=\"elementor-background-overlay\"><\/div>\n\t\t\t\t\t\t\t<div class=\"elementor-container elementor-column-gap-default\">\n\t\t\t\t\t<div class=\"elementor-column elementor-col-100 elementor-top-column elementor-element elementor-element-3cf19a64\" data-id=\"3cf19a64\" data-element_type=\"column\">\n\t\t\t<div class=\"elementor-widget-wrap elementor-element-populated\">\n\t\t\t\t\t\t<div class=\"elementor-element elementor-element-48ad9fc8 elementor-widget elementor-widget-heading\" data-id=\"48ad9fc8\" data-element_type=\"widget\" data-widget_type=\"heading.default\">\n\t\t\t\t\t<h2 class=\"elementor-heading-title elementor-size-default\">Porta Banners<\/h2>\t\t\t\t<\/div>\n\t\t\t\t\t<\/div>\n\t\t<\/div>\n\t\t\t\t\t<\/div>\n\t\t<\/section>\n\t\t\t\t<section class=\"elementor-section elementor-inner-section elementor-element elementor-element-2f9e4c2c elementor-section-boxed elementor-section-height-default elementor-section-height-default wpr-particle-no wpr-jarallax-no wpr-parallax-no wpr-sticky-section-no\" data-id=\"2f9e4c2c\" data-element_type=\"section\">\n\t\t\t\t\t\t<div class=\"elementor-container elementor-column-gap-default\">\n\t\t\t\t\t<div class=\"elementor-column elementor-col-100 elementor-inner-column elementor-element elementor-element-3becef55\" data-id=\"3becef55\" data-element_type=\"column\">\n\t\t\t<div class=\"elementor-widget-wrap elementor-element-populated\">\n\t\t\t\t\t\t<div class=\"elementor-element elementor-element-3da949b2 elementor-widget elementor-widget-heading\" data-id=\"3da949b2\" data-element_type=\"widget\" data-widget_type=\"heading.default\">\n\t\t\t\t\t<h2 class=\"elementor-heading-title elementor-size-default\">Comunicaci\u00f3n duradera: <br>El Compa\u00f1ero fiel de tus eventos<\/h2>\t\t\t\t<\/div>\n\t\t\t\t<div class=\"elementor-element elementor-element-5d92e0a2 elementor-widget-divider--view-line elementor-widget elementor-widget-divider\" data-id=\"5d92e0a2\" data-element_type=\"widget\" data-widget_type=\"divider.default\">\n\t\t\t\t\t\t\t<div class=\"elementor-divider\">\n\t\t\t<span class=\"elementor-divider-separator\">\n\t\t\t\t\t\t<\/span>\n\t\t<\/div>\n\t\t\t\t\t\t<\/div>\n\t\t\t\t<div class=\"elementor-element elementor-element-6bbb4d80 elementor-widget elementor-widget-text-editor\" data-id=\"6bbb4d80\" data-element_type=\"widget\" data-widget_type=\"text-editor.default\">\n\t\t\t\t\t\t\t\t\t<p><strong>Perfecto para cualquier negocio que necesite una imagen profesional de forma recurrente y r\u00e1pida.<\/strong> Es ideal para recepciones de hoteles, tiendas, o para presentar una oferta o un nuevo producto en un expositor<\/p>\t\t\t\t\t\t\t\t<\/div>\n\t\t\t\t\t<\/div>\n\t\t<\/div>\n\t\t\t\t\t<\/div>\n\t\t<\/section>\n\t\t<div class=\"elementor-element elementor-element-652e4d7 e-grid e-con-boxed wpr-particle-no wpr-jarallax-no wpr-parallax-no wpr-sticky-section-no e-con e-parent\" data-id=\"652e4d7\" data-element_type=\"container\">\n\t\t\t\t\t<div class=\"e-con-inner\">\n\t\t\t\t<div class=\"elementor-element elementor-element-cdb72af elementor-widget elementor-widget-image\" data-id=\"cdb72af\" data-element_type=\"widget\" data-widget_type=\"image.default\">\n\t\t\t\t\t\t\t\t\t\t\t\t\t\t\t<img fetchpriority=\"high\" decoding=\"async\" width=\"886\" height=\"997\" src=\"https:\/\/kontinuos.com\/wp-content\/uploads\/2026\/02\/ROLL-01.webp\" class=\"attachment-large size-large wp-image-1992\" alt=\"\" srcset=\"https:\/\/kontinuos.com\/wp-content\/uploads\/2026\/02\/ROLL-01.webp 886w, https:\/\/kontinuos.com\/wp-content\/uploads\/2026\/02\/ROLL-01-267x300.webp 267w, https:\/\/kontinuos.com\/wp-content\/uploads\/2026\/02\/ROLL-01-768x864.webp 768w\" sizes=\"(max-width: 886px) 100vw, 886px\" \/>\t\t\t\t\t\t\t\t\t\t\t\t\t\t\t<\/div>\n\t\t\t\t<div class=\"elementor-element elementor-element-0bc7eff elementor-widget elementor-widget-image\" data-id=\"0bc7eff\" data-element_type=\"widget\" data-widget_type=\"image.default\">\n\t\t\t\t\t\t\t\t\t\t\t\t\t\t\t<img decoding=\"async\" width=\"886\" height=\"997\" src=\"https:\/\/kontinuos.com\/wp-content\/uploads\/2026\/02\/ROLL-02.webp\" class=\"attachment-large size-large wp-image-1993\" alt=\"\" srcset=\"https:\/\/kontinuos.com\/wp-content\/uploads\/2026\/02\/ROLL-02.webp 886w, https:\/\/kontinuos.com\/wp-content\/uploads\/2026\/02\/ROLL-02-267x300.webp 267w, https:\/\/kontinuos.com\/wp-content\/uploads\/2026\/02\/ROLL-02-768x864.webp 768w\" sizes=\"(max-width: 886px) 100vw, 886px\" \/>\t\t\t\t\t\t\t\t\t\t\t\t\t\t\t<\/div>\n\t\t\t\t<div class=\"elementor-element elementor-element-a8beb18 elementor-widget elementor-widget-text-editor\" data-id=\"a8beb18\" data-element_type=\"widget\" data-widget_type=\"text-editor.default\">\n\t\t\t\t\t\t\t\t\t<p>El m\u00e1s elegido para ferias, eventos corporativos, congresos y puntos de venta. Perfecto para cualquier negocio que necesite una imagen profesional de forma recurrente y r\u00e1pida. Es ideal para recepciones de hoteles, tiendas, o para presentar una oferta o un nuevo producto en un expositor<\/p>\t\t\t\t\t\t\t\t<\/div>\n\t\t\t\t\t<\/div>\n\t\t\t\t<\/div>\n\t\t<div class=\"elementor-element elementor-element-f4ab843 e-grid e-con-boxed wpr-particle-no wpr-jarallax-no wpr-parallax-no wpr-sticky-section-no e-con e-parent\" data-id=\"f4ab843\" data-element_type=\"container\">\n\t\t\t\t\t<div class=\"e-con-inner\">\n\t\t\t\t<div class=\"elementor-element elementor-element-f3251d9 elementor-widget elementor-widget-image\" data-id=\"f3251d9\" data-element_type=\"widget\" data-widget_type=\"image.default\">\n\t\t\t\t\t\t\t\t\t\t\t\t\t\t\t<img decoding=\"async\" width=\"886\" height=\"997\" src=\"https:\/\/kontinuos.com\/wp-content\/uploads\/2026\/02\/tensores-01.webp\" class=\"attachment-large size-large wp-image-2001\" alt=\"\" srcset=\"https:\/\/kontinuos.com\/wp-content\/uploads\/2026\/02\/tensores-01.webp 886w, https:\/\/kontinuos.com\/wp-content\/uploads\/2026\/02\/tensores-01-267x300.webp 267w, https:\/\/kontinuos.com\/wp-content\/uploads\/2026\/02\/tensores-01-768x864.webp 768w\" sizes=\"(max-width: 886px) 100vw, 886px\" \/>\t\t\t\t\t\t\t\t\t\t\t\t\t\t\t<\/div>\n\t\t\t\t<div class=\"elementor-element elementor-element-5b04f9c elementor-widget elementor-widget-image\" data-id=\"5b04f9c\" data-element_type=\"widget\" data-widget_type=\"image.default\">\n\t\t\t\t\t\t\t\t\t\t\t\t\t\t\t<img loading=\"lazy\" decoding=\"async\" width=\"886\" height=\"997\" src=\"https:\/\/kontinuos.com\/wp-content\/uploads\/2026\/02\/ternsores-02.jpg\" class=\"attachment-large size-large wp-image-2002\" alt=\"\" srcset=\"https:\/\/kontinuos.com\/wp-content\/uploads\/2026\/02\/ternsores-02.jpg 886w, https:\/\/kontinuos.com\/wp-content\/uploads\/2026\/02\/ternsores-02-267x300.jpg 267w, https:\/\/kontinuos.com\/wp-content\/uploads\/2026\/02\/ternsores-02-768x864.jpg 768w\" sizes=\"(max-width: 886px) 100vw, 886px\" \/>\t\t\t\t\t\t\t\t\t\t\t\t\t\t\t<\/div>\n\t\t\t\t<div class=\"elementor-element elementor-element-c105053 elementor-widget elementor-widget-text-editor\" data-id=\"c105053\" data-element_type=\"widget\" data-widget_type=\"text-editor.default\">\n\t\t\t\t\t\t\t\t\t<p>Dise\u00f1ado para eventos de alto impacto, lanzamientos de productos, stands en ferias internacionales, decoraci\u00f3n de oficinas modernas, estudios de fotograf\u00eda o tiendas conceptuales. Se busca causar una impresi\u00f3n de calidad, sofisticaci\u00f3n y modernidad. Es ideal para photo-calls y fondos para v\u00eddeo.<\/p>\t\t\t\t\t\t\t\t<\/div>\n\t\t\t\t\t<\/div>\n\t\t\t\t<\/div>\n\t\t\t\t<\/div>\n\t\t","protected":false},"excerpt":{"rendered":"<p>Porta Banners Comunicaci\u00f3n duradera: El Compa\u00f1ero fiel de tus eventos Perfecto para cualquier negocio que necesite una imagen profesional de forma recurrente y r\u00e1pida. Es ideal para recepciones de hoteles, tiendas, o para presentar una oferta o un nuevo producto en un expositor El m\u00e1s elegido para ferias, eventos corporativos, congresos y puntos de venta. Perfecto para cualquier negocio que necesite una imagen profesional de forma recurrente y r\u00e1pida. Es ideal para recepciones de hoteles, tiendas, o para presentar una oferta o un nuevo producto en un expositor Dise\u00f1ado para eventos de alto impacto, lanzamientos de productos, stands en ferias internacionales, decoraci\u00f3n de oficinas modernas, estudios de fotograf\u00eda o tiendas conceptuales. Se busca causar una impresi\u00f3n de calidad, sofisticaci\u00f3n y modernidad. Es ideal para photo-calls y fondos para v\u00eddeo.<\/p>\n","protected":false},"author":1,"featured_media":0,"parent":0,"menu_order":0,"comment_status":"closed","ping_status":"closed","template":"","meta":{"footnotes":""},"class_list":["post-1977","page","type-page","status-publish","hentry"],"_links":{"self":[{"href":"https:\/\/kontinuos.com\/index.php\/wp-json\/wp\/v2\/pages\/1977","targetHints":{"allow":["GET"]}}],"collection":[{"href":"https:\/\/kontinuos.com\/index.php\/wp-json\/wp\/v2\/pages"}],"about":[{"href":"https:\/\/kontinuos.com\/index.php\/wp-json\/wp\/v2\/types\/page"}],"author":[{"embeddable":true,"href":"https:\/\/kontinuos.com\/index.php\/wp-json\/wp\/v2\/users\/1"}],"replies":[{"embeddable":true,"href":"https:\/\/kontinuos.com\/index.php\/wp-json\/wp\/v2\/comments?post=1977"}],"version-history":[{"count":16,"href":"https:\/\/kontinuos.com\/index.php\/wp-json\/wp\/v2\/pages\/1977\/revisions"}],"predecessor-version":[{"id":2005,"href":"https:\/\/kontinuos.com\/index.php\/wp-json\/wp\/v2\/pages\/1977\/revisions\/2005"}],"wp:attachment":[{"href":"https:\/\/kontinuos.com\/index.php\/wp-json\/wp\/v2\/media?parent=1977"}],"curies":[{"name":"wp","href":"https:\/\/api.w.org\/{rel}","templated":true}]}}